{"id":2,"date":"2010-12-23T07:41:43","date_gmt":"2010-12-23T07:41:43","guid":{"rendered":"http:\/\/www.drhatemalhaj.com\/ar\/?page_id=2"},"modified":"2022-07-14T15:28:46","modified_gmt":"2022-07-14T15:28:46","slug":"%d8%b3%d9%8a%d8%b1%d8%a9-%d8%b0%d8%a7%d8%aa%d9%8a%d8%a9","status":"publish","type":"page","link":"https:\/\/www.drhatemalhaj.com\/ar\/%d8%b3%d9%8a%d8%b1%d8%a9-%d8%b0%d8%a7%d8%aa%d9%8a%d8%a9\/","title":{"rendered":"\u0633\u064a\u0631\u0629 \u0630\u0627\u062a\u064a\u0629"},"content":{"rendered":"<p dir=\"RTL\" style=\"text-align: center;\" align=\"center\">\u0628\u0633\u0645 \u0627\u0644\u0644\u0647 \u0627\u0644\u0631\u062d\u0645\u0646 \u0627\u0644\u0631\u062d\u064a\u0645<\/p>\n<p style=\"text-align: center;\" align=\"center\">\u062a\u0639\u0631\u064a\u0641<\/p>\n<p style=\"text-align: center;\" align=\"center\">\u062f. \u062d\u0627\u062a\u0645 \u0645\u062d\u0645\u062f \u0627\u0644\u062d\u0627\u062c<\/p>\n<p style=\"text-align: center;\" align=\"center\"><a href=\"..\/..\/\">www.drhatemalhaj.com<\/a><\/p>\n<p style=\"text-align: center;\"><a href=\"http:\/\/www.drhatemalhaj.com\/ar\/wp-content\/uploads\/2020\/03\/Dr_Hatem_Alhaj.jpg\"><img loading=\"lazy\" decoding=\"async\" class=\"size-medium wp-image-1853 alignleft\" src=\"http:\/\/www.drhatemalhaj.com\/ar\/wp-content\/uploads\/2020\/03\/Dr_Hatem_Alhaj-300x262.jpg\" alt=\"\" width=\"300\" height=\"262\" srcset=\"https:\/\/www.drhatemalhaj.com\/ar\/wp-content\/uploads\/2020\/03\/Dr_Hatem_Alhaj-300x262.jpg 300w, https:\/\/www.drhatemalhaj.com\/ar\/wp-content\/uploads\/2020\/03\/Dr_Hatem_Alhaj.jpg 599w\" sizes=\"(max-width: 300px) 100vw, 300px\" \/><\/a><\/p>\n<p style=\"text-align: right;\" align=\"right\"><span style=\"color: #ff0000;\"><strong>\u00a0\u0627\u0644\u062d\u0627\u0644\u0629 \u0627\u0644\u0634\u062e\u0635\u064a\u0629<\/strong><\/span><\/p>\n<p style=\"text-align: justify;\">\u0627\u0644\u0646\u0634\u0623\u0629 \u0628\u0645\u062f\u064a\u0646\u0629 \u0627\u0644\u0625\u0633\u0643\u0646\u062f\u0631\u064a\u0629 \u0628\u0645\u0635\u0631\u060c \u0648\u0627\u0644\u0625\u0642\u0627\u0645\u0629 \u0627\u0644\u062d\u0627\u0644\u064a\u0629 \u0628\u0627\u0644\u0648\u0644\u0627\u064a\u0627\u062a \u0627\u0644\u0645\u062a\u062d\u062f\u0629 \u0627\u0644\u0623\u0645\u0631\u064a\u0643\u064a\u0629.<\/p>\n<div style=\"text-align: justify;\">\n<p align=\"right\">\u00a0<span style=\"color: #ff0000;\"><strong>\u0627\u0644\u0634\u0647\u0627\u062f\u0627\u062a \u0627\u0644\u0639\u0644\u0645\u064a\u0629<\/strong><\/span><\/p>\n<\/div>\n<p dir=\"RTL\" style=\"text-align: justify;\">\u00a0<strong>\u00a0 \u0627\u0644\u0639\u0644\u0648\u0645 \u0627\u0644\u0634\u0631\u0639\u064a\u0629<\/strong><\/p>\n<ul style=\"text-align: justify;\">\n<li>\u0627\u0644\u062f\u0643\u062a\u0648\u0631\u0627\u0647 \u0641\u064a \u0627\u0644\u0634\u0631\u064a\u0639\u0629 \u0627\u0644\u0625\u0633\u0644\u0627\u0645\u064a\u0629\u060c \u062a\u062e\u0635\u0635 \u0641\u0642\u0647 \u0645\u0642\u0627\u0631\u0646\u060c \u062c\u0627\u0645\u0639\u0629 \u0627\u0644\u062c\u0646\u0627\u0646 \u0628\u0644\u0628\u0646\u0627\u0646\u060c \u0628\u062a\u0642\u062f\u064a\u0631 \u0627\u0645\u062a\u064a\u0627\u0632.<\/li>\n<li>\u0627\u0644\u0645\u0627\u062c\u0633\u062a\u064a\u0631 \u0641\u064a \u0627\u0644\u0634\u0631\u064a\u0639\u0629 \u0627\u0644\u0625\u0633\u0644\u0627\u0645\u064a\u0629\u060c \u062a\u062e\u0635\u0635 \u0641\u0642\u0647 \u0648\u0623\u0635\u0648\u0644\u0647\u060c \u0627\u0644\u062c\u0627\u0645\u0639\u0629 \u0627\u0644\u0623\u0645\u0631\u064a\u0643\u064a\u0629 \u0627\u0644\u0645\u0641\u062a\u0648\u062d\u0629\u060c \u0628\u062a\u0642\u062f\u064a\u0631 \u0627\u0645\u062a\u064a\u0627\u0632.<\/li>\n<\/ul>\n<p dir=\"RTL\" style=\"text-align: justify;\">\u00a0 <strong>\u0627\u0644\u0637\u0628<\/strong><\/p>\n<ul style=\"text-align: justify;\">\n<li>\u0627\u0644\u0628\u0648\u0631\u062f \u0627\u0644\u0623\u0645\u0631\u064a\u0643\u064a \u0641\u064a \u0637\u0628 \u0627\u0644\u0623\u0637\u0641\u0627\u0644.<\/li>\n<\/ul>\n<p style=\"text-align: justify;\" align=\"right\"><span style=\"color: #ff0000;\"><strong>\u0627\u0644\u0648\u0638\u0627\u0626\u0641<\/strong><\/span><\/p>\n<p dir=\"RTL\" style=\"text-align: justify;\">\u0637\u0628\u064a\u0628 \u0623\u0637\u0641\u0627\u0644 \u0627\u0633\u062a\u0634\u0627\u0631\u064a \u0628\u0645\u0624\u0633\u0633\u0629 \u0643\u064a\u0631\u0628\u0648\u064a\u0646\u062a \u0627\u0644\u0635\u062d\u064a\u0629.<br \/>\n\u0633\u0627\u0628\u0642\u0629:<br \/>\n\u0639\u0645\u064a\u062f \u0643\u0644\u064a\u0629 \u0627\u0644\u062f\u0631\u0627\u0633\u0627\u062a \u0627\u0644\u0625\u0633\u0644\u0627\u0645\u064a\u0629 \u0628\u0627\u0644\u0644\u063a\u0629 \u0627\u0644\u0625\u0646\u062c\u0644\u064a\u0632\u064a\u0629 \u0628\u0627\u0644\u062c\u0627\u0645\u0639\u0629 \u0627\u0644\u0625\u0633\u0644\u0627\u0645\u064a\u0629 \u0628\u0623\u0645\u0631\u064a\u0643\u0627 \u0627\u0644\u0634\u0645\u0627\u0644\u064a\u0629 \u2013 \u0645\u0634\u0643\u0627\u0629\u060c \u0645\u0646 2008 \u2013 2012 \u0648\u0645\u0646 2019 &#8211; 2021.<br \/>\n\u0637\u0628\u064a\u0628 \u0623\u0637\u0641\u0627\u0644 \u0627\u0633\u062a\u0634\u0627\u0631\u064a \u0628\u0645\u0624\u0633\u0633\u0629 \u0645\u0627\u064a\u0648 \u0643\u0644\u064a\u0646\u064a\u0643 \u0627\u0644\u0635\u062d\u064a\u0629 \u0645\u0646 2001 \u2013 2012.<br \/>\n\u0625\u0645\u0627\u0645 \u0628\u0645\u0633\u062c\u062f \u0627\u0644\u0628\u0631 \u0628\u0623\u0633\u062a\u0648\u0631\u064a\u0627\u060c \u0646\u064a\u0648\u064a\u0648\u0631\u0643\u060c \u0645\u0646 1991 \u2013 1994.<\/p>\n<p style=\"text-align: justify;\" align=\"right\"><span style=\"color: #ff0000;\"><strong>\u0639\u0636\u0648\u064a\u0629 \u0627\u0644\u0647\u064a\u0626\u0627\u062a \u0627\u0644\u0639\u0644\u0645\u064a\u0629 \u0648\u0627\u0644\u062f\u0639\u0648\u064a\u0629 <\/strong><\/span><\/p>\n<p style=\"text-align: justify;\" align=\"right\">\u00a0\u0639\u0636\u0648 \u0644\u062c\u0646\u0629 \u0627\u0644\u0625\u0641\u062a\u0627\u0621 \u0628\u0645\u062c\u0645\u0639 \u0641\u0642\u0647\u0627\u0621 \u0627\u0644\u0634\u0631\u064a\u0639\u0629 \u0628\u0623\u0645\u0631\u064a\u0643\u0627.<\/p>\n<p style=\"text-align: justify;\" align=\"right\">\u0632\u0645\u064a\u0644 \u0627\u0644\u0623\u0643\u0627\u062f\u064a\u0645\u064a\u0629 \u0627\u0644\u0623\u0645\u0631\u064a\u0643\u064a\u0629 \u0644\u0637\u0628 \u0627\u0644\u0623\u0637\u0641\u0627\u0644.<\/p>\n<p style=\"text-align: justify;\" align=\"right\"><span style=\"color: #ff0000;\">\u00a0<strong>\u0628\u062d\u0648\u062b \u0648\u0643\u062a\u0628<\/strong><\/span><\/p>\n<p>\u0628\u0627\u0644\u0644\u063a\u0629 \u0627\u0644\u0639\u0631\u0628\u064a\u0629<\/p>\n<p>\u0643\u062a\u0628:<\/p>\n<p>\u0623\u062b\u0631 \u062a\u0637\u0648\u0631 \u0627\u0644\u0645\u0639\u0627\u0631\u0641 \u0627\u0644\u0637\u0628\u064a\u0629 \u0639\u0644\u0649 \u062a\u063a\u064a\u0631 \u0627\u0644\u0641\u062a\u0648\u0649 \u0648\u0627\u0644\u0642\u0636\u0627\u0621\u061b \u0627\u0644\u0646\u0627\u0634\u0631: \u062f\u0627\u0631 \u0628\u0644\u0627\u0644 \u0628\u0646 \u0631\u0628\u0627\u062d (\u0627\u0644\u0642\u0627\u0647\u0631\u0629) &#8211; \u062f\u0627\u0631 \u0627\u0628\u0646 \u062d\u0632\u0645 (\u0627\u0644\u0642\u0627\u0647\u0631\u0629)<br \/>\n\u0639\u0645\u062f\u0629 \u0627\u0644\u0641\u0642\u0647 &#8211; \u0646\u0633\u062e\u0629 \u0645\u0636\u0628\u0648\u0637\u0629 \u0648\u0645\u062e\u0631\u062c\u0629 \u0648\u0645\u0642\u0627\u0628\u0644\u0629 \u0628\u0646\u0635\u0648\u0635 \u0627\u0644\u0645\u0646\u062a\u0647\u0649 \u0641\u064a \u0645\u0648\u0627\u0636\u0639 \u0627\u0644\u0645\u062e\u0627\u0644\u0641\u0629\u061b \u0627\u0644\u0646\u0627\u0634\u0631: \u062f\u0627\u0631 \u0627\u0644\u064a\u0633\u0631 (\u0627\u0644\u0642\u0627\u0647\u0631\u0629)<br \/>\n\u0627\u0644\u0627\u062e\u062a\u0644\u0627\u0637 \u0628\u064a\u0646 \u0627\u0644\u062c\u0646\u0633\u064a\u0646 \u0648\u0645\u0633\u0627\u0626\u0644 \u062a\u062a\u0639\u0644\u0642 \u0628\u0647\u061b \u0627\u0644\u0646\u0627\u0634\u0631: \u0627\u0644\u062f\u0627\u0631 \u0627\u0644\u0639\u0627\u0644\u0645\u064a\u0629 \u0644\u0644\u0643\u062a\u0627\u0628 \u0627\u0644\u0627\u0633\u0644\u0627\u0645\u064a (\u0627\u0644\u0631\u064a\u0627\u0636)<br \/>\n\u062e\u062a\u0627\u0646 \u0627\u0644\u0641\u062a\u0627\u0629 \u0627\u0644\u0645\u0633\u0644\u0645\u0629\u061b \u0627\u0644\u0646\u0627\u0634\u0631: \u062f\u0627\u0631 \u0627\u0644\u0639\u0642\u064a\u062f\u0629 (\u0627\u0644\u0625\u0633\u0643\u0646\u062f\u0631\u064a\u0629)<\/p>\n<p>\u0628\u062d\u0648\u062b \u0645\u062d\u0643\u0645\u0629:<\/p>\n<p>\u0623\u062b\u0631 \u0627\u0644\u062d\u0627\u062c\u0629 \u0641\u064a \u0631\u0641\u0639 \u0627\u0644\u0625\u062b\u0645 \u0639\u0646 \u0628\u0639\u0636 \u0645\u0627 \u064a\u0639\u062a\u0631\u0636 \u0627\u0644\u0639\u0627\u0645\u0644\u064a\u0646 \u0641\u064a \u0627\u0644\u0642\u0637\u0627\u0639 \u0627\u0644\u0637\u0628\u064a (\u0628\u062d\u062b \u0645\u0646\u0634\u0648\u0631 \u0641\u064a \u0645\u062c\u0644\u0629 \u0627\u0644\u062c\u0646\u0627\u0646 \u0627\u0644\u0645\u062d\u0643\u0645\u0629 \u2013 \u0644\u0628\u0646\u0627\u0646 &#8211; \u0627\u0644\u0639\u062f\u062f: \u0627\u0644\u0623\u0648\u0644 \u2013 \u0634\u0628\u0627\u0637 2011)<br \/>\n\u0646\u0638\u0631\u064a\u0629 \u0627\u0644\u062a\u062d\u0643\u064a\u0645 \u0641\u064a \u0627\u0644\u0634\u0631\u064a\u0639\u0629 (\u0628\u062d\u062b \u0645\u0646\u0634\u0648\u0631 \u0641\u064a \u0645\u062c\u0644\u0629 \u0627\u0644\u0641\u0642\u0647 \u0648\u0627\u0644\u0642\u0627\u0646\u0648\u0646 \u0627\u0644\u0645\u062d\u0643\u0645\u0629 \u2013 \u0627\u0644\u0645\u063a\u0631\u0628 &#8211; \u0627\u0644\u0639\u062f\u062f: \u0627\u0644\u0633\u0627\u0628\u0639 \u2013 \u0645\u0627\u064a\u0648 2013)<br \/>\n\u062d\u0643\u0645 \u0627\u0633\u062a\u0639\u0645\u0627\u0644 \u0627\u0644\u0645\u062e\u062f\u0631\u0627\u062a \u0641\u064a \u0627\u0644\u062a\u062f\u0627\u0648\u064a (\u0628\u062d\u062b \u0645\u0646\u0634\u0648\u0631 \u0641\u064a \u0645\u062c\u0644\u0629 \u0627\u0644\u0628\u062d\u0648\u062b \u0648\u0627\u0644\u062f\u0631\u0627\u0633\u0627\u062a \u0627\u0644\u0634\u0631\u0639\u064a\u0629 \u0627\u0644\u0645\u062d\u0643\u0645\u0629 \u2013 \u0645\u0635\u0631 &#8211; \u0627\u0644\u0639\u062f\u062f: \u0627\u0644\u062b\u0627\u0646\u064a \u0639\u0634\u0631 \u2013 \u064a\u0648\u0644\u064a\u0648 2013)<br \/>\n\u062b\u0628\u0648\u062a \u0627\u0644\u0645\u0633\u062c\u062f\u064a\u0629 \u0648\u062a\u0645\u0648\u064a\u0644 \u0628\u0646\u0627\u0621 \u0627\u0644\u0645\u0633\u0627\u062c\u062f \u0648\u0646\u0642\u0644\u0647\u0627 \u0623\u0648 \u062a\u062d\u0648\u064a\u0644 \u0648\u0638\u064a\u0641\u062a\u0647\u0627 (\u0628\u062d\u062b \u0645\u0642\u062f\u0645 \u0625\u0644\u0649 \u0645\u062c\u0645\u0639 \u0641\u0642\u0647\u0627\u0621 \u0627\u0644\u0634\u0631\u064a\u0639\u0629 \u0628\u0623\u0645\u0631\u064a\u0643\u0627 \u0639\u0627\u0645 1436 \u0647\u0640 2015 \u0645)<br \/>\n\u0627\u0644\u0623\u062d\u0643\u0627\u0645 \u0627\u0644\u0641\u0642\u0647\u064a\u0629 \u0627\u0644\u0645\u062a\u0639\u0644\u0642\u0629 \u0628\u0646\u0648\u0627\u0632\u0644 \u0627\u0644\u0645\u0633\u0644\u0645\u064a\u0646 \u0627\u0644\u062c\u062f\u062f \u0627\u0644\u0623\u0633\u0631\u064a\u0629 (\u0628\u062d\u062b \u0645\u0642\u062f\u0645 \u0625\u0644\u0649 \u0627\u0644\u0645\u0624\u062a\u0645\u0631 \u0627\u0644\u0633\u0627\u0628\u0639 \u0644\u0645\u062c\u0645\u0639 \u0641\u0642\u0647\u0627\u0621 \u0627\u0644\u0634\u0631\u064a\u0639\u0629 \u0628\u0623\u0645\u0631\u064a\u0643\u0627)<br \/>\n\u062a\u0648\u0644\u064a \u0623\u0639\u0645\u0627\u0644 \u0627\u0644\u0634\u0631\u0637\u0629 \u0641\u064a \u0627\u0644\u0628\u0644\u0627\u062f \u063a\u064a\u0631 \u0627\u0644\u0625\u0633\u0644\u0627\u0645\u064a\u0629 (\u0628\u062d\u062b \u0645\u0642\u062f\u0645 \u0625\u0644\u0649 \u0627\u0644\u0645\u0624\u062a\u0645\u0631 \u0627\u0644\u062e\u0627\u0645\u0633 \u0644\u0645\u062c\u0645\u0639 \u0641\u0642\u0647\u0627\u0621 \u0627\u0644\u0634\u0631\u064a\u0639\u0629 \u0628\u0623\u0645\u0631\u064a\u0643\u0627)<br \/>\n\u0623\u062d\u0643\u0627\u0645 \u0627\u0644\u0639\u0645\u0644 \u0641\u064a \u0627\u0644\u0645\u062c\u0627\u0644 \u0627\u0644\u0647\u0646\u062f\u0633\u064a (\u0628\u062d\u062b \u0645\u0642\u062f\u0645 \u0625\u0644\u0649 \u0627\u0644\u0645\u0624\u062a\u0645\u0631 \u0627\u0644\u062e\u0627\u0645\u0633 \u0644\u0645\u062c\u0645\u0639 \u0641\u0642\u0647\u0627\u0621 \u0627\u0644\u0634\u0631\u064a\u0639\u0629 \u0628\u0623\u0645\u0631\u064a\u0643\u0627)<br \/>\n\u0645\u062c\u0645\u0639 \u0641\u0642\u0647\u0627\u0621 \u0627\u0644\u0634\u0631\u064a\u0639\u0629 \u0628\u0623\u0645\u0631\u064a\u0643\u0627 \u0648\u0625\u0633\u0647\u0627\u0645\u0647 \u0641\u064a \u062a\u0631\u0634\u064a\u062f \u0627\u0644\u0625\u0641\u062a\u0627\u0621 \u0628\u0627\u0644\u0623\u0645\u0631\u064a\u0643\u062a\u064a\u0646 (\u0648\u0631\u0642\u0629 \u0645\u0642\u062f\u0645\u0629 \u0625\u0644\u0649 \u0627\u0644\u0645\u0631\u0643\u0632 \u0627\u0644\u0639\u0627\u0644\u0645\u064a \u0644\u0644\u0648\u0633\u0637\u064a\u0629 \u0628\u0648\u0632\u0627\u0631\u0629 \u0627\u0644\u0623\u0648\u0642\u0627\u0641 \u0627\u0644\u0643\u0648\u064a\u062a\u064a\u0629 &#8211; \u0645\u0624\u062a\u0645\u0631 \u0627\u0644\u0625\u0641\u062a\u0627\u0621 1428 \u0647\u0640 \/ 2007 \u0645)<\/p>\n<p style=\"text-align: right;\">\u0628\u0627\u0644\u0644\u063a\u0629 \u0627\u0644\u0625\u0646\u062c\u0644\u064a\u0632\u064a\u0629<\/p>\n<p style=\"text-align: left;\">\u00a0:Books<br \/>\n\u2018Umdat al-Fiqh Explained: A Commentary on Ibn Qud\u00e2mah\u2019s The Reliable Manual of Fiqh. Riyadh: IIPH, 2020. Print.\u2018Ath\u00e2r ta\u1e6d\u00e2wwur al-ma\u2018\u0101rif al-\u1e6dibbiyyah \u2018al\u00e2 taghayyur al-fatw\u00e2 wal qa\u1e0d\u00e2\u2019 [The impact of medical advancements on religious edicts and judgeship]. Cairo: Dar Bilal ibn Rabah and Dar Ibn Hazm, 2012.<br \/>\nThe Fiqh of Worship: A Commentary on Ibn Qud\u00e2mah\u2019s \u2018Umdat al-Fiqh. Riyadh: IIPH, 2011. Print.<br \/>\nA Guide to Male\u2013Female Interaction in Islam. Riyadh: IIPH, 2014. Print.<br \/>\nBetween the God of the Prophets and the God of the Philosophers: Reflections of an Athari on the Divine Attributes. Self-published, 2020. Print, Kindle.<br \/>\nStations of the Travelers: Man\u00e2zil as-S\u00e2\u2019ireen. Self-published, 2020. Print, Kindle.<br \/>\n:Peer-reviewed journal articles<br \/>\n\u2018Ath\u0101r al-\u1e25ajah fi raf\u2019 al-\u2018ithm \u2018an ba\u2019\u1e0d ma ya\u2018\u1e6dari\u1e0d al-\u2018\u00e2mileen fil-qit\u00e2\u2019 al-\u1e6dibbi [The impact of necessity in removing the sin from some healthcare practices]. Majallat al-Jin\u00e2n (Tripoli, Lebanon), February 2011.<br \/>\nNadhariyyat at-Takeem fi ash-Sharee\u2018ah [The theory of arbitration in Shari\u2019ah law]. Al-Fiqh wal-Q\u00e2noon (Morocco), May 2013.<br \/>\n\u1e24ukm \u2018isti\u2018m\u00e2l al-mukhadir\u00e2t fi at-tad\u00e2wi [The ruling on using narcotics for medical treatment]. Al-bohooth wal dir\u00e2s\u00e2t ash-shar\u2019iyyah (Cairo), July 2013.<br \/>\nThe significance of tangible proofs in asserting a verdict. Journal of Al-Azhar University\u2019s Faculty of Languages and Translation, 9(2), 2015, 221-272.<br \/>\nMajma\u2018 Fuqah\u00e2\u2019 al-Shari\u2019ah bi\u2019America wa \u2018ish\u00e2muhu fi tarsheed al-\u2018ift\u00e2\u2019 bil-Amreekatayn [Assembly of Muslim Jurists of America and its Contribution to Guiding Religious Edicts in North and South America]. Mu\u2018tamar al-\u2018Ift\u00e2\u2019, Kuwait, 2007.<br \/>\nAl-\u2018amal fi al-maj\u00e2l al-handasi [Labor in the engineering field]. Majma\u2018 Fuqah\u00e2\u2019 al-Shari\u2018ah, 2007.<br \/>\nThe beginning of life and abortion. Journal of British Islamic Medical Association, 8(3), 2021, 9-14.<\/p>\n","protected":false},"excerpt":{"rendered":"<p>\u0628\u0633\u0645 \u0627\u0644\u0644\u0647 \u0627\u0644\u0631\u062d\u0645\u0646 \u0627\u0644\u0631\u062d\u064a\u0645 \u062a\u0639\u0631\u064a\u0641 \u062f. \u062d\u0627\u062a\u0645 \u0645\u062d\u0645\u062f \u0627\u0644\u062d\u0627\u062c www.drhatemalhaj.com \u00a0\u0627\u0644\u062d\u0627\u0644\u0629 \u0627\u0644\u0634\u062e\u0635\u064a\u0629 \u0627\u0644\u0646\u0634\u0623\u0629 \u0628\u0645\u062f\u064a\u0646\u0629 \u0627\u0644\u0625\u0633\u0643\u0646\u062f\u0631\u064a\u0629 \u0628\u0645\u0635\u0631\u060c \u0648\u0627\u0644\u0625\u0642\u0627\u0645\u0629 \u0627\u0644\u062d\u0627\u0644\u064a\u0629 \u0628\u0627\u0644\u0648\u0644\u0627\u064a\u0627\u062a \u0627\u0644\u0645\u062a\u062d\u062f\u0629 \u0627\u0644\u0623\u0645\u0631\u064a\u0643\u064a\u0629. \u00a0\u0627\u0644\u0634\u0647\u0627\u062f\u0627\u062a \u0627\u0644\u0639\u0644\u0645\u064a\u0629 \u00a0\u00a0 \u0627\u0644\u0639\u0644\u0648\u0645 \u0627\u0644\u0634\u0631\u0639\u064a\u0629 \u0627\u0644\u062f\u0643\u062a\u0648\u0631\u0627\u0647 \u0641\u064a \u0627\u0644\u0634\u0631\u064a\u0639\u0629 \u0627\u0644\u0625\u0633\u0644\u0627\u0645\u064a\u0629\u060c \u062a\u062e\u0635\u0635 \u0641\u0642\u0647 \u0645\u0642\u0627\u0631\u0646\u060c \u062c\u0627\u0645\u0639\u0629 \u0627\u0644\u062c\u0646\u0627\u0646 \u0628\u0644\u0628\u0646\u0627\u0646\u060c \u0628\u062a\u0642\u062f\u064a\u0631 \u0627\u0645\u062a\u064a\u0627\u0632. \u0627\u0644\u0645\u0627\u062c\u0633\u062a\u064a\u0631 \u0641\u064a \u0627\u0644\u0634\u0631\u064a\u0639\u0629 \u0627\u0644\u0625\u0633\u0644\u0627\u0645\u064a\u0629\u060c \u062a\u062e\u0635\u0635 \u0641\u0642\u0647 \u0648\u0623\u0635\u0648\u0644\u0647\u060c \u0627\u0644\u062c\u0627\u0645\u0639\u0629 \u0627\u0644\u0623\u0645\u0631\u064a\u0643\u064a\u0629 \u0627\u0644\u0645\u0641\u062a\u0648\u062d\u0629\u060c \u0628\u062a\u0642\u062f\u064a\u0631 \u0627\u0645\u062a\u064a\u0627\u0632. \u00a0 \u0627\u0644\u0637\u0628 \u0627\u0644\u0628\u0648\u0631\u062f \u0627\u0644\u0623\u0645\u0631\u064a\u0643\u064a \u0641\u064a [&hellip;]<\/p>\n","protected":false},"author":1,"featured_media":0,"parent":0,"menu_order":1,"comment_status":"closed","ping_status":"closed","template":"","meta":{"footnotes":"","_links_to":"","_links_to_target":""},"class_list":["post-2","page","type-page","status-publish","hentry"],"_links":{"self":[{"href":"https:\/\/www.drhatemalhaj.com\/ar\/wp-json\/wp\/v2\/pages\/2"}],"collection":[{"href":"https:\/\/www.drhatemalhaj.com\/ar\/wp-json\/wp\/v2\/pages"}],"about":[{"href":"https:\/\/www.drhatemalhaj.com\/ar\/wp-json\/wp\/v2\/types\/page"}],"author":[{"embeddable":true,"href":"https:\/\/www.drhatemalhaj.com\/ar\/wp-json\/wp\/v2\/users\/1"}],"replies":[{"embeddable":true,"href":"https:\/\/www.drhatemalhaj.com\/ar\/wp-json\/wp\/v2\/comments?post=2"}],"version-history":[{"count":17,"href":"https:\/\/www.drhatemalhaj.com\/ar\/wp-json\/wp\/v2\/pages\/2\/revisions"}],"predecessor-version":[{"id":1890,"href":"https:\/\/www.drhatemalhaj.com\/ar\/wp-json\/wp\/v2\/pages\/2\/revisions\/1890"}],"wp:attachment":[{"href":"https:\/\/www.drhatemalhaj.com\/ar\/wp-json\/wp\/v2\/media?parent=2"}],"curies":[{"name":"wp","href":"https:\/\/api.w.org\/{rel}","templated":true}]}}